{"id":123,"date":"2024-05-01T19:05:49","date_gmt":"2024-05-01T19:05:49","guid":{"rendered":"https:\/\/reyyansigorta.com.tr\/wp\/?page_id=123"},"modified":"2024-12-05T18:00:28","modified_gmt":"2024-12-05T18:00:28","slug":"kvkk","status":"publish","type":"page","link":"https:\/\/reyyansigorta.com.tr\/?page_id=123","title":{"rendered":"Kvkk"},"content":{"rendered":"\t\t<div data-elementor-type=\"wp-page\" data-elementor-id=\"123\" class=\"elementor elementor-123\" data-elementor-post-type=\"page\">\n\t\t\t\t<div class=\"elementor-element elementor-element-625905d e-con-full e-flex e-con e-parent\" data-id=\"625905d\" data-element_type=\"container\" data-e-type=\"container\">\n\t\t<div class=\"elementor-element elementor-element-b88ecce e-con-full e-flex e-con e-child\" data-id=\"b88ecce\" data-element_type=\"container\" data-e-type=\"container\">\n\t\t\t\t<div class=\"elementor-element elementor-element-239e69c elementor-widget__width-inherit elementor-widget elementor-widget-heading\" data-id=\"239e69c\" data-element_type=\"widget\" data-e-type=\"widget\" data-widget_type=\"heading.default\">\n\t\t\t\t<div class=\"elementor-widget-container\">\n\t\t\t\t\t<h2 class=\"elementor-heading-title elementor-size-default\">Kvkk<\/h2>\t\t\t\t<\/div>\n\t\t\t\t<\/div>\n\t\t\t\t<\/div>\n\t\t\t\t<\/div>\n\t\t<div class=\"elementor-element elementor-element-144adad e-flex e-con-boxed e-con e-parent\" data-id=\"144adad\" data-element_type=\"container\" data-e-type=\"container\">\n\t\t\t\t\t<div class=\"e-con-inner\">\n\t\t<div class=\"elementor-element elementor-element-0078776 e-con-full e-flex e-con e-child\" data-id=\"0078776\" data-element_type=\"container\" data-e-type=\"container\">\n\t\t\t\t<div class=\"elementor-element elementor-element-cb0e168 elementor-widget elementor-widget-sidebar\" data-id=\"cb0e168\" data-element_type=\"widget\" data-e-type=\"widget\" data-widget_type=\"sidebar.default\">\n\t\t\t\t<div class=\"elementor-widget-container\">\n\t\t\t\t\t<section id=\"block-11\" class=\"widget widget_block widget_text\">\n<p class=\"has-theme-palette-2-color has-text-color has-link-color wp-elements-68970d7bdf1a98b630527821e72d348d\"><strong>Kurumsal<\/strong><br><a href=\"https:\/\/reyyansigorta.com.tr\/?page_id=115\">Hakk\u0131m\u0131zda<\/a><br><a href=\"https:\/\/reyyansigorta.com.tr\/?page_id=123\">Kvkk<\/a><br><a href=\"https:\/\/reyyansigorta.com.tr\/?page_id=128\">\u00c7erez Politikas\u0131<\/a><\/p>\n<\/section>\t\t\t\t<\/div>\n\t\t\t\t<\/div>\n\t\t\t\t<\/div>\n\t\t<div class=\"elementor-element elementor-element-5409b88 e-con-full e-flex e-con e-child\" data-id=\"5409b88\" data-element_type=\"container\" data-e-type=\"container\">\n\t\t\t\t<div class=\"elementor-element elementor-element-a69b164 elementor-widget elementor-widget-text-editor\" data-id=\"a69b164\" data-element_type=\"widget\" data-e-type=\"widget\" data-widget_type=\"text-editor.default\">\n\t\t\t\t<div class=\"elementor-widget-container\">\n\t\t\t\t\t\t\t\t\t<p><strong>KVKK<\/strong><\/p><p><strong>Veri Sorumlusu<\/strong><\/p><p><strong>reyyansigorta.com.tr<\/strong> alan adl\u0131 internet sitesi (\u201cWebSite\u201d) <strong>So\u011fanl\u0131 mahallesi Ahmet Ha\u015fim caddesi no:29 \/C &#8211; Bah\u00e7elievler \/ \u0130STANBUL<\/strong> adresinde faaliyette bulunan <strong>Reyyan Sigorta ve Arac\u0131l\u0131k Hizmetleri Ltd. \u015eti.<\/strong> (\u201c\u015eirket\u201d) taraf\u0131ndan i\u015fletilmektedir. \u015e\u0130RKET, veri sorumlusu olarak, ki\u015fisel verilerin i\u015fleme ama\u00e7lar\u0131n\u0131n ve vas\u0131talar\u0131n\u0131n belirlenmesinden, veri kay\u0131t sisteminin kurulmas\u0131ndan ve y\u00f6netilmesinden sorumludur.<\/p><p>Ki\u015fisel verilerinizin korunmas\u0131na \u00f6nem vermekteyiz. Ki\u015fisel Verilerin Korunmas\u0131 Kanunu (\u2018\u2019KVKK\u2019\u2019) \u2019na uygun olarak, \u201c\u015eirket Web Sitesi\u201d \u2018 ni kullan\u0131m\u0131n\u0131zla ba\u011flant\u0131l\u0131 olarak elde edilen verilerin toplanmas\u0131, saklanmas\u0131, aktar\u0131lmas\u0131 da d\u00e2hil olmak \u00fczere ancak bunlarla s\u0131n\u0131rl\u0131 olmaks\u0131z\u0131n i\u015flenmesi ve s\u00f6z konusu i\u015flemenin amac\u0131 ile ilgili olarak sizi bilgilendirmek istiyoruz.<\/p><p><strong>Ki\u015fisel Verilerin \u0130\u015flenmesi ve Aktar\u0131lmas\u0131<\/strong><\/p><p>\u015e\u0130RKET, \u015eirket Web Sitesi\u2019ni kullanan m\u00fc\u015fterilerinin \u00fcyelik a\u015famas\u0131nda veya \u015eirket Web Sitesi\u2019ni kullan\u0131rken, kullan\u0131c\u0131lardan baz\u0131 ki\u015fisel veriler talep etmektedir. Ki\u015fisel veri, ki\u015fiyi belirli veya belirlenebilir k\u0131lan her t\u00fcrl\u00fc bilgidir. Bu tip bilgiler, \u00f6rne\u011fin, ad\u0131n\u0131z, adresiniz, e-posta adresiniz veya telefon numaran\u0131z olabilir. \u00c7erezler kullan\u0131lmak suretiyle toplanan ve kimli\u011finizin belirlenmesine do\u011frudan olanak vermeyen bilgiler, \u00f6rne\u011fin \u015eirket Web Sitesi\u2019ni nas\u0131l kulland\u0131\u011f\u0131n\u0131z gibi bilgiler de, e\u011fer bunlar kullan\u0131c\u0131ya tahsis edilmi\u015f bir kimlik temelindeyse ve dolay\u0131s\u0131yla bireyselle\u015ftirilerek toplanm\u0131\u015f, saklanm\u0131\u015f ve de\u011ferlendirilmi\u015fse, ki\u015fisel veri olarak nitelendirilebilir. Ki\u015fisel olmayan veriler sadece bir araya toplanm\u0131\u015f, b\u00fcy\u00fck veri olarak nitelendirilebilen, \u00f6zetlenen, toplanan, de\u011ferlendirilen ve anonim hale getirilmesi suretiyle ger\u00e7ek bir ki\u015fiyle ili\u015fkilendirilemeyecek bilgilerdir.<\/p><p>\u015eirketimiz taraf\u0131ndan s\u00f6z konusu ki\u015fisel verileriniz demo talep formu, ileti\u015fim formu, e-b\u00fclten formu, destek sistemi, \u00e7a\u011fr\u0131 merkezi ve \u00fcyelik formundaki bilgilerin \u0130lgili Ki\u015fiye doldurulmas\u0131 suretiyle i\u015fin do\u011fas\u0131 gere\u011fi toplanmaktad\u0131r. Sistemle ilgili sorunlar\u0131n tan\u0131mlanmas\u0131 ve verilen hizmet ile ilgili \u00e7\u0131kabilecek sorunlar\u0131n veya uyu\u015fmazl\u0131klar\u0131n h\u0131zla \u00e7\u00f6z\u00fclmesi i\u00e7in, \u015firketimiz, \u00fcyelerinin IP adresini kaydetmekte ve bunu kullanmaktad\u0131r. IP adresleri, kullan\u0131c\u0131lar\u0131 genel bir \u015fekilde tan\u0131mlamak ve kapsaml\u0131 demografik bilgi toplamak amac\u0131yla da kullan\u0131labilir.<\/p><p>\u015eirketimiz, \u00dcyelik S\u00f6zle\u015fmesi ile belirlenen ama\u00e7lar ve kapsam d\u0131\u015f\u0131nda da, talep edilen bilgileri kendisi veya i\u015fbirli\u011fi i\u00e7inde oldu\u011fu ki\u015filer taraf\u0131ndan do\u011frudan pazarlama yapmak amac\u0131yla kullanabilir. Ki\u015fisel bilgiler, gerekti\u011finde kullan\u0131c\u0131yla temas kurmak i\u00e7in de kullan\u0131labilir. \u015eirketimiz taraf\u0131ndan talep edilen bilgiler veya kullan\u0131c\u0131 taraf\u0131ndan sa\u011flanan bilgiler veya \u015eirket Web Sitesi \u00fczerinden yap\u0131lan i\u015flemlerle ilgili bilgiler; \u015firketimiz ve i\u015fbirli\u011fi i\u00e7inde oldu\u011fu ki\u015filer taraf\u0131ndan, \u201c\u00dcyelik S\u00f6zle\u015fmesi\u201d ile belirlenen ama\u00e7lar ve kapsam d\u0131\u015f\u0131nda da, \u00fcyelerimizin kimli\u011fi if\u015fa edilmeden \u00e7e\u015fitli istatistiksel de\u011ferlendirmeler, veri taban\u0131 olu\u015fturma ve pazar ara\u015ft\u0131rmalar\u0131nda da kullan\u0131labilir.<\/p><p>\u015eirketimiz baz\u0131 d\u00f6nemlerde m\u00fc\u015fterilerine ve \u00fcyelerine kampanya bilgileri, yeni paketler hakk\u0131nda bilgiler, promosyon teklifleri gibi bildirimler g\u00f6nderebilir. \u00dcyelerimiz bu gibi bilgileri al\u0131p almama konusunda her t\u00fcrl\u00fc se\u00e7imi \u00fcye olurken yapabilir, sonras\u0131nda \u00fcye giri\u015fi yapt\u0131ktan sonra y\u00f6netim panelinden bu se\u00e7imi de\u011fi\u015ftirilebilir ya da kendisine gelen bilgilendirme iletisindeki linkle bildirim yapabilir.<\/p><p><strong>Ki\u015fisel Verileri \u0130\u015fleme Ama\u00e7lar\u0131<\/strong><\/p><p>\u015eirketimiz Ki\u015fisel Verileri belli, a\u00e7\u0131k ve me\u015fru ama\u00e7larla i\u015flemektedir. Bu kapsamda Ki\u015fisel Veriler a\u015fa\u011f\u0131da say\u0131lan ama\u00e7larla i\u015flenebilmektedir:<\/p><ul><li><p>Web sitesi \u00fczerinden verilen hizmetlerin sunulabilmesi ve de\u011fi\u015ftirilmesi,<\/p><\/li><li><p>Sunulan \u00fcr\u00fcn ve hizmetlerin taleplere uygun olarak \u00f6zelle\u015ftirilmesi; m\u00fc\u015fteri ihtiya\u00e7lar\u0131, yasal ve teknik geli\u015fmeler sebebiyle g\u00fcncellenmesi, geli\u015ftirilmesi,<\/p><\/li><li><p>Sunulan \u00fcr\u00fcn ve hizmetler \u00f6zelinde, sistemlere kullan\u0131c\u0131 tan\u0131mlamalar\u0131n\u0131n yap\u0131lmas\u0131,<\/p><\/li><li><p>Yeni veya mevcut \u00fcr\u00fcn, hizmet ve kampanyalar\u0131n duyurulmas\u0131, sat\u0131\u015f ve pazarlama faaliyetlerinin y\u00fcr\u00fct\u00fclmesi,<\/p><\/li><li><p>Pazar ara\u015ft\u0131rmas\u0131 yap\u0131lmas\u0131,<\/p><\/li><li><p>\u0130statistik olu\u015fturulmas\u0131 ve kullan\u0131mlar\u0131n analiz edilmesi,<\/p><\/li><li><p>\u00dcr\u00fcn, hizmet ve servis bedellerinin \u00f6denmesi, tahsil edilmesi, tahsilat y\u00f6nteminin se\u00e7ilmesi,<\/p><\/li><li><p>6563 say\u0131l\u0131 Elektronik Ticaretin D\u00fczenlenmesi Hakk\u0131nda Kanun ve di\u011fer ilgili mevzuattan do\u011fan bilgilendirme y\u00fck\u00fcml\u00fcl\u00fc\u011f\u00fcn\u00fc yerine getirme,<\/p><\/li><li><p>\u015eirket web sitesinin ve verilerin i\u015flenme amac\u0131na uygun \u00fcr\u00fcn ve hizmetlerin reklamlar\u0131n\u0131n \u0130lgili Ki\u015fi\u2019ye iletilmesi, \u00fcr\u00fcn, hizmet, tan\u0131t\u0131m ve kampanyalar\u0131 hakk\u0131nda bilgi verilmesi,<\/p><\/li><li><p>Web Site kullan\u0131m\u0131 s\u0131ras\u0131nda kar\u015f\u0131la\u015ft\u0131\u011f\u0131 sorunlar\u0131n \u00e7\u00f6z\u00fcm\u00fcn\u00fc sa\u011flamak,<\/p><\/li><li><p>Web sitesindeki ziyaret, kullan\u0131m, sayfalar aras\u0131nda ge\u00e7i\u015f ve sat\u0131n alma deneyimlerini iyile\u015ftirme, daha kaliteli hizmet verme,<\/p><\/li><li><p>\u0130rtibat\/ileti\u015fim sa\u011flanmas\u0131,<\/p><\/li><li><p>\u0130\u015fbirli\u011fi yap\u0131lan firmalar, tedarik\u00e7iler, yeniden sat\u0131c\u0131lar ve hizmet al\u0131nan firmalarla olan ticari ili\u015fkilerin y\u00fcr\u00fct\u00fclmesi,<\/p><\/li><li><p>\u0130\u015fbirli\u011fi \u00e7er\u00e7evesinde raporlama yap\u0131lmas\u0131,<\/p><\/li><li><p>\u015eirketin ticari stratejilerinin geli\u015ftirilmesi ve planlar\u0131n\u0131n yap\u0131lmas\u0131,<\/p><\/li><li><p>\u015eirket taraf\u0131ndan memnuniyet \u00f6l\u00e7\u00fcm\u00fc anketleri i\u00e7in ileti\u015fim kurulmas\u0131,<\/p><\/li><li><p>\u015e\u0130RKET taraf\u0131ndan d\u00fczenlenen etkinliklerde\/e\u011fitimlerde\/yar\u0131\u015fmalarda kat\u0131l\u0131mc\u0131 kayd\u0131n\u0131n olu\u015fturulmas\u0131, sertifikalar\u0131n\/kat\u0131l\u0131m belgelerinin d\u00fczenlenmesi, \u00f6d\u00fcl\/hediye sahiplerinin belirlenmesi ve \u00f6d\u00fcl\/hediyelerin teslimi,<\/p><\/li><li><p>Adli\/idari s\u00fcre\u00e7lerin y\u00f6netimi, kamu kurum kuru\u015flar\u0131ndan gelen taleplere cevap verilmesi,<\/p><\/li><li><p>Yasal d\u00fczenlemelere ba\u011fl\u0131 olarak hukuki y\u00fck\u00fcml\u00fcl\u00fcklerin yerine getirilmesi, hukuki uyu\u015fmazl\u0131klar\u0131n \u00e7\u00f6z\u00fcmlenmesi,<\/p><\/li><li><p>Yat\u0131r\u0131mc\u0131 ili\u015fkilerinin y\u00fcr\u00fct\u00fclmesi,<\/p><\/li><li><p>\u015eirketin ba\u015fka bir \u015firket ile birle\u015fmesi, b\u00f6l\u00fcnmesi, tamam\u0131n\u0131n veya bir k\u0131sm\u0131n\u0131n devredilmesihalinde bu hukuki i\u015flemden do\u011fan sonu\u00e7lar\u0131n temin edilmesi,<\/p><\/li><li><p>Sosyal medya payla\u015f\u0131mlar\u0131nda \u015eirket \u00e7al\u0131\u015fanlar\u0131n, Ger\u00e7ek Ki\u015fi M\u00fc\u015fterilerin, \u0130lgililerinin tan\u0131t\u0131lmas\u0131,<\/p><\/li><li><p>\u0130\u015f g\u00f6r\u00fc\u015fmelerinin y\u00fcr\u00fct\u00fclmesi, i\u015f ba\u015fvurular\u0131n\u0131n de\u011ferlendirilmesi,<\/p><\/li><li><p>\u0130\u015f ili\u015fkisinin\/s\u00f6zle\u015fmesinin kurulmas\u0131, y\u00fcr\u00fct\u00fclmesi ve sonland\u0131r\u0131lmas\u0131,<\/p><\/li><li><p>\u015e\u0130RKET \u00e7al\u0131\u015fanlar\u0131n\u0131n i\u015f s\u00f6zle\u015fmelerinden do\u011fan as\u0131l ve yan haklardan yararland\u0131r\u0131lmas\u0131, performans\u0131n\u0131n ve \u00e7al\u0131\u015fmalar\u0131n\u0131n de\u011ferlendirilmesi,<\/p><\/li><li><p>\u00c7al\u0131\u015fanlara kullan\u0131c\u0131 hesab\u0131 a\u00e7\u0131lmas\u0131,<\/p><\/li><li><p>\u015eirket ad\u0131na bir organizasyona kat\u0131l\u0131m olmas\u0131 durumunda, kat\u0131l\u0131mc\u0131 kayd\u0131n\u0131n olu\u015fturulmas\u0131,<\/p><\/li><li><p>\u00c7al\u0131\u015fanlar\u0131n e\u011fitimlere kat\u0131l\u0131m ve sertifika kay\u0131tlar\u0131n\u0131n olu\u015fturulmas\u0131,<\/p><\/li><li><p>\u015eirket Web Sitesi\u2019nin ve Uygulamalar\u2019\u0131n g\u00fcvenli\u011finin sa\u011flanmas\u0131,<\/p><\/li><li><p>Web Sitesi\u2019nin kullan\u0131m analizi,<\/p><\/li><li><p>Ki\u015fisel veri envanterinin olu\u015fturulmas\u0131,<\/p><\/li><li><p>Ki\u015fisel verilere ili\u015fkin olanlar dahil, yaz\u0131l\u0131, s\u00f6zl\u00fc veya elektronik olarak iletilen t\u00fcm soru, talep, \u00f6neri, \u015fikayet ve ba\u015fvurular\u0131n de\u011ferlendirilmesi, bunlara cevap verilmesi.<\/p><\/li><li><p>S\u00f6zle\u015fmenin ifas\u0131, veri g\u00fcvenli\u011fi, \u015firketimiz politikalar\u0131na uyum ve yukar\u0131da belirtilen di\u011fer ama\u00e7larla yurt i\u00e7indeki veya Avrupa Birli\u011fi \u00fclkeleri ba\u015fta olmak \u00fczere ilgili di\u011fer \u00fclkelerde bulunan sistemlere (daha detayl\u0131 bilgi i\u00e7in \u015firketimize yaz\u0131l\u0131 olarak ba\u015fvurabilirsiniz) aktar\u0131lmaktad\u0131r.<\/p><\/li><\/ul><p><strong>Ki\u015fisel Veri Toplaman\u0131n Y\u00f6ntemi ve Hukuki Sebebi<\/strong><\/p><p>Mevcut ve potansiyel \u015eirket Web Sitesi kullan\u0131c\u0131lar\u0131 ile ilgili veriler k\u0131smen veya tamamen otomatik olan veya olmayan yollarla s\u00f6zle\u015fmesel veya mevzuat \u00e7er\u00e7evesinde belirlenen di\u011fer sebeplerle i\u015fletme konumuzun gere\u011fi olarak toplanmaktad\u0131r.<\/p><p><strong>A\u00e7\u0131k R\u0131za Olmaks\u0131z\u0131n \u0130\u015flenen Ki\u015fisel Veriler<\/strong><\/p><p>KVKK gere\u011fi;<\/p><p>Taraf\u0131n\u0131zca kamuya a\u00e7\u0131k olarak payla\u015f\u0131larak alenile\u015ftirilen ki\u015fisel bilgileri a\u00e7\u0131k r\u0131zan\u0131z olmaks\u0131z\u0131n i\u015fleyebilir ve bu kapsamda \u00fc\u00e7\u00fcnc\u00fc ki\u015filerle payla\u015fabiliriz.<\/p><p>Mevzuatta a\u00e7\u0131k\u00e7a ki\u015fisel verilerinizi a\u00e7\u0131k r\u0131za olmaks\u0131z\u0131n i\u015flemeyi hukuka uygun hale getiren h\u00fck\u00fcmlerin bulunmas\u0131 durumunda a\u00e7\u0131k r\u0131zan\u0131z olmaks\u0131z\u0131n i\u015fleme ve bu kapsamda \u00fc\u00e7\u00fcnc\u00fc ki\u015filerle payla\u015fabiliriz.<\/p><p>Y\u00fcr\u00fcrl\u00fckte olan kanun ya da d\u00fczenlemeler ya da verilmi\u015f olan bir mahkeme karar\u0131, idari emir gere\u011fince a\u00e7\u0131klanmas\u0131 gereken bilgiler de d\u00e2hil olmak \u00fczere hukuki y\u00fck\u00fcml\u00fcl\u00fc\u011f\u00fcm\u00fcz\u00fc yerine getirmek i\u00e7in zorunlu olmas\u0131 durumunda ki\u015fisel verilerinizi a\u00e7\u0131k r\u0131za olmaks\u0131z\u0131n i\u015fleyebiliriz.<br \/>Bir hakk\u0131n\u0131n tesisi, kullan\u0131lmas\u0131 veya korunmas\u0131 i\u00e7in veri i\u015flemenin zorunlu olmas\u0131 durumunda taraf\u0131n\u0131z\u0131n ki\u015fisel verilerini a\u00e7\u0131k r\u0131zas\u0131 olmaks\u0131z\u0131n i\u015fleyebiliriz.<\/p>\t\t\t\t\t\t\t\t<\/div>\n\t\t\t\t<\/div>\n\t\t\t\t<\/div>\n\t\t\t\t\t<\/div>\n\t\t\t\t<\/div>\n\t\t\t\t<\/div>\n\t\t","protected":false},"excerpt":{"rendered":"<p>Kvkk KVKK Veri Sorumlusu reyyansigorta.com.tr alan adl\u0131 internet sitesi (\u201cWebSite\u201d) So\u011fanl\u0131 mahallesi Ahmet Ha\u015fim caddesi no:29 \/C &#8211; Bah\u00e7elievler \/ \u0130STANBUL adresinde faaliyette bulunan Reyyan Sigorta ve Arac\u0131l\u0131k Hizmetleri Ltd. \u015eti. (\u201c\u015eirket\u201d) taraf\u0131ndan i\u015fletilmektedir. \u015e\u0130RKET, veri sorumlusu olarak, ki\u015fisel verilerin i\u015fleme ama\u00e7lar\u0131n\u0131n ve vas\u0131talar\u0131n\u0131n belirlenmesinden, veri kay\u0131t sisteminin kurulmas\u0131ndan ve y\u00f6netilmesinden sorumludur. Ki\u015fisel verilerinizin korunmas\u0131na&#8230;<\/p>\n","protected":false},"author":1,"featured_media":0,"parent":0,"menu_order":0,"comment_status":"closed","ping_status":"closed","template":"","meta":{"_kad_post_transparent":"","_kad_post_title":"hide","_kad_post_layout":"fullwidth","_kad_post_sidebar_id":"","_kad_post_content_style":"unboxed","_kad_post_vertical_padding":"hide","_kad_post_feature":"hide","_kad_post_feature_position":"","_kad_post_header":false,"_kad_post_footer":false,"_kad_post_classname":"","_joinchat":[],"footnotes":""},"class_list":["post-123","page","type-page","status-publish","hentry"],"_links":{"self":[{"href":"https:\/\/reyyansigorta.com.tr\/index.php?rest_route=\/wp\/v2\/pages\/123","targetHints":{"allow":["GET"]}}],"collection":[{"href":"https:\/\/reyyansigorta.com.tr\/index.php?rest_route=\/wp\/v2\/pages"}],"about":[{"href":"https:\/\/reyyansigorta.com.tr\/index.php?rest_route=\/wp\/v2\/types\/page"}],"author":[{"embeddable":true,"href":"https:\/\/reyyansigorta.com.tr\/index.php?rest_route=\/wp\/v2\/users\/1"}],"replies":[{"embeddable":true,"href":"https:\/\/reyyansigorta.com.tr\/index.php?rest_route=%2Fwp%2Fv2%2Fcomments&post=123"}],"version-history":[{"count":10,"href":"https:\/\/reyyansigorta.com.tr\/index.php?rest_route=\/wp\/v2\/pages\/123\/revisions"}],"predecessor-version":[{"id":263,"href":"https:\/\/reyyansigorta.com.tr\/index.php?rest_route=\/wp\/v2\/pages\/123\/revisions\/263"}],"wp:attachment":[{"href":"https:\/\/reyyansigorta.com.tr\/index.php?rest_route=%2Fwp%2Fv2%2Fmedia&parent=123"}],"curies":[{"name":"wp","href":"https:\/\/api.w.org\/{rel}","templated":true}]}}