{"id":128,"date":"2024-05-01T19:08:56","date_gmt":"2024-05-01T19:08:56","guid":{"rendered":"https:\/\/reyyansigorta.com.tr\/wp\/?page_id=128"},"modified":"2024-12-05T18:00:43","modified_gmt":"2024-12-05T18:00:43","slug":"cerez-politikasi","status":"publish","type":"page","link":"https:\/\/reyyansigorta.com.tr\/?page_id=128","title":{"rendered":"\u00c7erez Politikas\u0131"},"content":{"rendered":"\t\t<div data-elementor-type=\"wp-page\" data-elementor-id=\"128\" class=\"elementor elementor-128\" data-elementor-post-type=\"page\">\n\t\t\t\t<div class=\"elementor-element elementor-element-625905d e-con-full e-flex e-con e-parent\" data-id=\"625905d\" data-element_type=\"container\" data-e-type=\"container\">\n\t\t<div class=\"elementor-element elementor-element-b88ecce e-con-full e-flex e-con e-child\" data-id=\"b88ecce\" data-element_type=\"container\" data-e-type=\"container\">\n\t\t\t\t<div class=\"elementor-element elementor-element-239e69c elementor-widget__width-inherit elementor-widget elementor-widget-heading\" data-id=\"239e69c\" data-element_type=\"widget\" data-e-type=\"widget\" data-widget_type=\"heading.default\">\n\t\t\t\t<div class=\"elementor-widget-container\">\n\t\t\t\t\t<h2 class=\"elementor-heading-title elementor-size-default\">\u00c7erez Politikas\u0131<\/h2>\t\t\t\t<\/div>\n\t\t\t\t<\/div>\n\t\t\t\t<\/div>\n\t\t\t\t<\/div>\n\t\t<div class=\"elementor-element elementor-element-144adad e-flex e-con-boxed e-con e-parent\" data-id=\"144adad\" data-element_type=\"container\" data-e-type=\"container\">\n\t\t\t\t\t<div class=\"e-con-inner\">\n\t\t<div class=\"elementor-element elementor-element-0078776 e-con-full e-flex e-con e-child\" data-id=\"0078776\" data-element_type=\"container\" data-e-type=\"container\">\n\t\t\t\t<div class=\"elementor-element elementor-element-cb0e168 elementor-widget elementor-widget-sidebar\" data-id=\"cb0e168\" data-element_type=\"widget\" data-e-type=\"widget\" data-widget_type=\"sidebar.default\">\n\t\t\t\t<div class=\"elementor-widget-container\">\n\t\t\t\t\t<section id=\"block-11\" class=\"widget widget_block widget_text\">\n<p class=\"has-theme-palette-2-color has-text-color has-link-color wp-elements-68970d7bdf1a98b630527821e72d348d\"><strong>Kurumsal<\/strong><br><a href=\"https:\/\/reyyansigorta.com.tr\/?page_id=115\">Hakk\u0131m\u0131zda<\/a><br><a href=\"https:\/\/reyyansigorta.com.tr\/?page_id=123\">Kvkk<\/a><br><a href=\"https:\/\/reyyansigorta.com.tr\/?page_id=128\">\u00c7erez Politikas\u0131<\/a><\/p>\n<\/section>\t\t\t\t<\/div>\n\t\t\t\t<\/div>\n\t\t\t\t<\/div>\n\t\t<div class=\"elementor-element elementor-element-5409b88 e-con-full e-flex e-con e-child\" data-id=\"5409b88\" data-element_type=\"container\" data-e-type=\"container\">\n\t\t\t\t<div class=\"elementor-element elementor-element-a69b164 elementor-widget elementor-widget-text-editor\" data-id=\"a69b164\" data-element_type=\"widget\" data-e-type=\"widget\" data-widget_type=\"text-editor.default\">\n\t\t\t\t<div class=\"elementor-widget-container\">\n\t\t\t\t\t\t\t\t\t<p><strong>\u00c7erez Politikas\u0131<\/strong><\/p><p><strong>Bizimle Etkile\u015fiminiz Esnas\u0131nda Toplanan Veriler<\/strong><\/p><p>Web sitemizi geli\u015ftirmek, kullan\u0131\u015fl\u0131, etkili ve g\u00fcvenli hale getirmek amac\u0131yla \u00e7e\u015fitli teknolojiler kullan\u0131labilmekteyiz. Bu teknolojiler, web sitemizi her ziyaretinizde eri\u015fim ve kullan\u0131m\u0131n\u0131z\u0131 g\u00f6steren bilgileri web sitemiz taraf\u0131ndan otomatik olarak toplayan \u00e7e\u015fitli veri elde etme ara\u00e7lar\u0131 olabilece\u011fi gibi ayn\u0131 zamanda bizim ad\u0131m\u0131za ve hesab\u0131m\u0131za faaliyet g\u00f6steren \u00fc\u00e7\u00fcnc\u00fc parti uygulamalar ya da ki\u015filer taraf\u0131ndan veri toplan\u0131rken de ilgili teknolojiler kullan\u0131labilir. Bu teknolojilere \u00f6rnek olarak; \u00e7erezler (cookies), flash \u00e7erezler ve web analizleri g\u00f6sterilebilir.<\/p><p><strong>\u00c7erez nedir ve nas\u0131l kullan\u0131yoruz?<\/strong><\/p><p>G\u00fcn\u00fcm\u00fczde neredeyse her web sitesi \u00e7erez kullanmaktad\u0131r. Size daha iyi, h\u0131zl\u0131 ve g\u00fcvenli bir deneyim sa\u011flamak i\u00e7in, \u00e7o\u011fu web sitesi gibi biz de \u00e7erez kullan\u0131yoruz. \u00c7erezler, ziyaret etti\u011finiz web siteleri taraf\u0131ndan olu\u015fturulan ve web sitesi tercihleriniz veya profil bilgileriniz gibi g\u00f6z atma bilgilerini saklayan ve cihaz\u0131n\u0131za yerle\u015ftirilen k\u00fc\u00e7\u00fck metin dosyalar\u0131d\u0131r. \u00c7erezler, bir web sitesini ilk ziyaretiniz s\u0131ras\u0131nda taray\u0131c\u0131n\u0131z arac\u0131l\u0131\u011f\u0131yla cihaz\u0131n\u0131za depolanabilirler. Ayn\u0131 siteyi ayn\u0131 cihazla tekrar ziyaret etti\u011finizde taray\u0131c\u0131n\u0131z cihaz\u0131n\u0131zda site ad\u0131na kay\u0131tl\u0131 bir \u00e7erez olup olmad\u0131\u011f\u0131n\u0131 kontrol eder. E\u011fer kay\u0131t var ise, kayd\u0131n i\u00e7indeki veriyi ziyaret etmekte oldu\u011funuz web sitesine iletir. Bu sayede web sitesi, sizin siteyi daha \u00f6nce ziyaret etti\u011finizi anlar ve size g\u00f6sterilecek olan i\u00e7eri\u011fi, metin ve g\u00f6rselleri de ona g\u00f6re belirler.<\/p><p>\u00c7erezler arac\u0131l\u0131\u011f\u0131yla web trafi\u011fi analiz edilmekte ve web uygulamalar\u0131n\u0131z tercihleriniz ve al\u0131\u015fkanl\u0131klar\u0131n\u0131z do\u011frultusunda ki\u015fiselle\u015ftirilebilmektedir. Baz\u0131 \u00e7erezler ki\u015fisel veriler i\u00e7erebilmektedir (\u00f6rne\u011fin oturum a\u00e7arken \u201cbeni hat\u0131rla\u201d se\u00e7ene\u011fine t\u0131kland\u0131\u011f\u0131nda \u00e7erez taraf\u0131ndan kullan\u0131c\u0131 ad\u0131n\u0131n kaydedilmesi). Bu \u00e7erezler ancak sizin onay\u0131n\u0131z\u0131n bulunmas\u0131 ko\u015fuluyla kaydedilmektedir.<\/p><p><strong>Reyyan Sigorta ve Arac\u0131l\u0131k Hizmetleri Ltd. \u015eti.<\/strong> taraf\u0131ndan kullan\u0131lan \u00e7erezler bilgisayar\u0131n\u0131za herhangi bir zarar vermez ve vir\u00fcs i\u00e7ermez.<\/p><p>\u0130lgili veri elde etme ara\u00e7lar\u0131 genel olarak a\u015fa\u011f\u0131daki ama\u00e7larla kullan\u0131lmaktad\u0131r:<\/p><p>Web sitesinin performans\u0131n\u0131 artt\u0131rmak, sitelerin kullan\u0131m\u0131n\u0131 daha kolay ve\/veya h\u0131zl\u0131 hale getirmek;<\/p><p>Web siteleri \u00fczerinden yeni \u00f6zellikler sunmak;<\/p><p>Siz (ayg\u0131t\u0131n\u0131z veya taray\u0131c\u0131 \u00f6nbelle\u011finiz \u00fczerinde) ve web sitelerinin kullan\u0131m\u0131 hakk\u0131nda bilgileri saklamak;<\/p><p>\u00dcr\u00fcn ve hizmetlerin kullan\u0131m al\u0131\u015fkanl\u0131k ve tercihlerinizi izlemek ve analiz etmek;<\/p><p>Web sitesinin kullan\u0131c\u0131s\u0131 olan sizlerin deneyimini iyile\u015ftirmek, ki\u015fiselle\u015ftirmek;<\/p><p>Reklam niteli\u011fine sahip i\u00e7erikler yay\u0131nlamak, i\u00e7eriklere olan yakla\u015f\u0131m ve tepkilerinizi analiz ederek geli\u015ftirmek;<\/p><p>Web sitelerinin, sizin ve <strong>Reyyan Sigorta ve Arac\u0131l\u0131k Hizmetleri Ltd. \u015eti.<\/strong>\u2019 nin g\u00fcvenli\u011fini sa\u011flamak.<\/p><p><strong>\u00a0<\/strong><strong>Web Sitemizde Kulland\u0131\u011f\u0131m\u0131z \u00c7erez Tipleri<\/strong><\/p><p><strong>\u00a0<\/strong><strong>Gerekli \u00c7erezler<\/strong><\/p><p>En \u00f6nemli \u00e7erezler, gerekli \u00e7erezlerdir. Web sitemizde gezinti yapman\u0131za, kullan\u0131m hesab\u0131 olu\u015fturman\u0131za ve giri\u015f yapman\u0131za imkan tan\u0131maya yard\u0131mc\u0131 olurlar.<\/p><p><strong>\u00a0<\/strong><strong>Analitik \u00c7erezler<\/strong><\/p><p>Web sitemizi ziyaret eden ziyaret\u00e7i say\u0131s\u0131n\u0131 tespit edebilmek amac\u0131yla \u00e7erezler kullanmaktay\u0131z. Analitik \u00e7erezler, sizin web sitemizi nas\u0131l kulland\u0131\u011f\u0131n\u0131z\u0131 ve sitemizde nelerin \u00e7al\u0131\u015f\u0131p nelerin \u00e7al\u0131\u015fmad\u0131\u011f\u0131n\u0131 g\u00f6rmek, sitemizi optimize edip geli\u015ftirmek ve sizin i\u00e7in ilgi \u00e7ekici ve ama\u00e7lar\u0131na uygun olmaya devam etti\u011finden emin olmak i\u00e7in kullan\u0131lmaktad\u0131r. Elde edilen veriler aras\u0131nda g\u00f6r\u00fcnt\u00fcledi\u011finiz sayfalar, y\u00f6nlendirme\/\u00e7\u0131k\u0131\u015f sayfalar\u0131, kulland\u0131\u011f\u0131n\u0131z platform tipi, tarih\/saat damgas\u0131 bilgileri ve verilen sayfaya yapt\u0131\u011f\u0131n\u0131z (fare) t\u0131klama say\u0131s\u0131, fare hareketleriniz, g\u00f6r\u00fcnt\u00fc kayd\u0131rma aktiviteniz, kulland\u0131\u011f\u0131n\u0131z arama terimleri ve sitemizi kullan\u0131rken girdi\u011finiz metinler gibi ayr\u0131nt\u0131lar bulunmaktad\u0131r.<\/p><p><strong>\u00a0<\/strong><strong>\u00c7erezler engellenebilir mi?<\/strong><\/p><p>\u00c7erezlerin kullan\u0131m\u0131na ili\u015fkin tercihlerinizi de\u011fi\u015ftirmek ya da \u00e7erezleri engellemek veya silmek i\u00e7in taray\u0131c\u0131n\u0131z\u0131n ayarlar\u0131n\u0131 de\u011fi\u015ftirmeniz yeterlidir. Bir\u00e7ok taray\u0131c\u0131 \u00e7erezleri kontrol edebilmeniz i\u00e7in size \u00e7erezleri kabul etme veya reddetme, yaln\u0131zca belirli t\u00fcrdeki \u00e7erezleri kabul etme ya da bir web sitesine veya cihaz\u0131n\u0131za \u00e7erez depolamay\u0131 talep etti\u011finde taray\u0131c\u0131 taraf\u0131ndan uyar\u0131lma se\u00e7ene\u011fi sunar. Ayn\u0131 zamanda daha \u00f6nce taray\u0131c\u0131n\u0131za kaydedilmi\u015f \u00e7erezlerin silinmesi de m\u00fcmk\u00fcnd\u00fcr. Ancak \u00e7erezleri silmeniz ve ilerideki \u00e7erezlerin bilgisayar\u0131n\u0131za indirilmesini engellemeniz durumunda \u00f6zelliklerimizin baz\u0131lar\u0131na ula\u015famayaca\u011f\u0131n\u0131z\u0131 hat\u0131rlatmak isteriz.<\/p><p>\u00c7erezleri devre d\u0131\u015f\u0131 b\u0131rak\u0131r veya reddederseniz, hesab\u0131n\u0131z\u0131\/hesaplar\u0131n\u0131z\u0131 tan\u0131yamayaca\u011f\u0131m\u0131z ve ili\u015fkilendiremeyece\u011fimiz i\u00e7in web sitelerimizdeki baz\u0131 \u00f6zelliklerin ve hizmetlerin d\u00fczg\u00fcn \u00e7al\u0131\u015fmayaca\u011f\u0131n\u0131 belirtmek isteriz.<\/p><p>\u00c7erezleri kapatmak i\u00e7in;<\/p><p>Chrome\u2019da taray\u0131c\u0131 ayarlar\u0131n\u0131zda \u201cAyarlar\/Gizlilik\/\u0130\u00e7erik Ayarlar\u0131\/\u00c7erez kullan\u0131m\u0131n\u0131 kapat\u201d se\u00e7e\u011fini kullanabilirsiniz.<\/p><p>Internet Explorer kullan\u0131c\u0131lar\u0131 i\u00e7in \u201cSe\u00e7enekler\/\u0130nternet Ayarlar\u0131\/Gizlilik\/Ayarlar\u201d se\u00e7eneklerini kullanabilirsiniz.<\/p><p>Firefox kulllan\u0131c\u0131lar\u0131 i\u00e7in \u201cAra\u00e7lar\/ Se\u00e7enekler\u2019\/ Gizlilik\/ \u00c7erez kabul y\u00f6ntemi\/Firefox kapat\u0131lana kadar\u201d se\u00e7eneklerini kullanabilirsiniz.<\/p><p>\u00c7erezleri kapatmak ile ilgili daha fazla bilgiyi a\u015fa\u011f\u0131daki sitelerde bulabilirsiniz:<\/p><p><a href=\"https:\/\/support.google.com\/accounts\/answer\/61416?hl=tr\">Cookies in Chrome<\/a><\/p><p><a href=\"https:\/\/support.microsoft.com\/tr-tr\/help\/17442\/windows-internet-explorer-delete-manage-cookies#ie=ie-11\">Cookies in Internet Explorer<\/a><\/p><p><a href=\"https:\/\/support.mozilla.org\/tr\/kb\/%C3%87erezleri%20a%C3%A7%C4%B1p%20kapatma\">Cookies in Mozilla Firefox<\/a><\/p>\t\t\t\t\t\t\t\t<\/div>\n\t\t\t\t<\/div>\n\t\t\t\t<\/div>\n\t\t\t\t\t<\/div>\n\t\t\t\t<\/div>\n\t\t\t\t<\/div>\n\t\t","protected":false},"excerpt":{"rendered":"<p>\u00c7erez Politikas\u0131 \u00c7erez Politikas\u0131 Bizimle Etkile\u015fiminiz Esnas\u0131nda Toplanan Veriler Web sitemizi geli\u015ftirmek, kullan\u0131\u015fl\u0131, etkili ve g\u00fcvenli hale getirmek amac\u0131yla \u00e7e\u015fitli teknolojiler kullan\u0131labilmekteyiz. Bu teknolojiler, web sitemizi her ziyaretinizde eri\u015fim ve kullan\u0131m\u0131n\u0131z\u0131 g\u00f6steren bilgileri web sitemiz taraf\u0131ndan otomatik olarak toplayan \u00e7e\u015fitli veri elde etme ara\u00e7lar\u0131 olabilece\u011fi gibi ayn\u0131 zamanda bizim ad\u0131m\u0131za ve hesab\u0131m\u0131za faaliyet g\u00f6steren \u00fc\u00e7\u00fcnc\u00fc&#8230;<\/p>\n","protected":false},"author":1,"featured_media":0,"parent":0,"menu_order":0,"comment_status":"closed","ping_status":"closed","template":"","meta":{"_kad_post_transparent":"","_kad_post_title":"hide","_kad_post_layout":"fullwidth","_kad_post_sidebar_id":"","_kad_post_content_style":"unboxed","_kad_post_vertical_padding":"hide","_kad_post_feature":"hide","_kad_post_feature_position":"","_kad_post_header":false,"_kad_post_footer":false,"_kad_post_classname":"","_joinchat":[],"footnotes":""},"class_list":["post-128","page","type-page","status-publish","hentry"],"_links":{"self":[{"href":"https:\/\/reyyansigorta.com.tr\/index.php?rest_route=\/wp\/v2\/pages\/128","targetHints":{"allow":["GET"]}}],"collection":[{"href":"https:\/\/reyyansigorta.com.tr\/index.php?rest_route=\/wp\/v2\/pages"}],"about":[{"href":"https:\/\/reyyansigorta.com.tr\/index.php?rest_route=\/wp\/v2\/types\/page"}],"author":[{"embeddable":true,"href":"https:\/\/reyyansigorta.com.tr\/index.php?rest_route=\/wp\/v2\/users\/1"}],"replies":[{"embeddable":true,"href":"https:\/\/reyyansigorta.com.tr\/index.php?rest_route=%2Fwp%2Fv2%2Fcomments&post=128"}],"version-history":[{"count":10,"href":"https:\/\/reyyansigorta.com.tr\/index.php?rest_route=\/wp\/v2\/pages\/128\/revisions"}],"predecessor-version":[{"id":266,"href":"https:\/\/reyyansigorta.com.tr\/index.php?rest_route=\/wp\/v2\/pages\/128\/revisions\/266"}],"wp:attachment":[{"href":"https:\/\/reyyansigorta.com.tr\/index.php?rest_route=%2Fwp%2Fv2%2Fmedia&parent=128"}],"curies":[{"name":"wp","href":"https:\/\/api.w.org\/{rel}","templated":true}]}}