{"id":161,"date":"2024-05-01T19:53:17","date_gmt":"2024-05-01T19:53:17","guid":{"rendered":"https:\/\/reyyansigorta.com.tr\/wp\/?page_id=161"},"modified":"2025-09-23T10:52:07","modified_gmt":"2025-09-23T10:52:07","slug":"dask-deprem-sigortasi","status":"publish","type":"page","link":"https:\/\/reyyansigorta.com.tr\/?page_id=161","title":{"rendered":"Dask (Deprem) Sigortas\u0131"},"content":{"rendered":"\t\t<div data-elementor-type=\"wp-page\" data-elementor-id=\"161\" class=\"elementor elementor-161\" data-elementor-post-type=\"page\">\n\t\t\t\t<div class=\"elementor-element elementor-element-625905d e-con-full e-flex e-con e-parent\" data-id=\"625905d\" data-element_type=\"container\" data-e-type=\"container\">\n\t\t<div class=\"elementor-element elementor-element-b88ecce e-con-full e-flex e-con e-child\" data-id=\"b88ecce\" data-element_type=\"container\" data-e-type=\"container\">\n\t\t\t\t<div class=\"elementor-element elementor-element-239e69c elementor-widget__width-inherit elementor-widget elementor-widget-heading\" data-id=\"239e69c\" data-element_type=\"widget\" data-e-type=\"widget\" data-widget_type=\"heading.default\">\n\t\t\t\t<div class=\"elementor-widget-container\">\n\t\t\t\t\t<h2 class=\"elementor-heading-title elementor-size-default\">Dask (Deprem) Sigortas\u0131<\/h2>\t\t\t\t<\/div>\n\t\t\t\t<\/div>\n\t\t\t\t<\/div>\n\t\t\t\t<\/div>\n\t\t<div class=\"elementor-element elementor-element-144adad e-flex e-con-boxed e-con e-parent\" data-id=\"144adad\" data-element_type=\"container\" data-e-type=\"container\">\n\t\t\t\t\t<div class=\"e-con-inner\">\n\t\t<div class=\"elementor-element elementor-element-0078776 e-con-full e-flex e-con e-child\" data-id=\"0078776\" data-element_type=\"container\" data-e-type=\"container\">\n\t\t\t\t<div class=\"elementor-element elementor-element-cb0e168 elementor-widget elementor-widget-sidebar\" data-id=\"cb0e168\" data-element_type=\"widget\" data-e-type=\"widget\" data-widget_type=\"sidebar.default\">\n\t\t\t\t<div class=\"elementor-widget-container\">\n\t\t\t\t\t<section id=\"block-13\" class=\"widget widget_block widget_text\">\n<p class=\"has-theme-palette-2-color has-text-color has-link-color wp-elements-2a8c5a93c2bd26444ba2146642650771\"><strong>Hizmetlerimiz<\/strong><br><a href=\"https:\/\/reyyansigorta.com.tr\/?page_id=146\">Trafik Sigortas\u0131<\/a><br><a href=\"https:\/\/reyyansigorta.com.tr\/?page_id=151\">Kasko Sigortas\u0131<\/a><br><a href=\"https:\/\/reyyansigorta.com.tr\/?page_id=156\">Tamamlay\u0131c\u0131 Sa\u011fl\u0131k Sigortas\u0131<\/a><br><a href=\"https:\/\/reyyansigorta.com.tr\/?page_id=161\">Dask (Deprem) Sigortas\u0131<\/a><br><a href=\"https:\/\/reyyansigorta.com.tr\/?page_id=166\">Konut Sigortas\u0131<\/a><br><a href=\"https:\/\/reyyansigorta.com.tr\/?page_id=171\">\u0130\u015fyeri Sigortas\u0131<\/a><br><a href=\"https:\/\/reyyansigorta.com.tr\/?page_id=176\">Ferdi Kaza Sigortas\u0131<\/a><br><a href=\"https:\/\/reyyansigorta.com.tr\/?page_id=181\">Seyahat Sa\u011fl\u0131k Sigortas\u0131<\/a><br><a href=\"https:\/\/reyyansigorta.com.tr\/?page_id=186\">Bireysel Emeklilik<\/a><\/p>\n<\/section>\t\t\t\t<\/div>\n\t\t\t\t<\/div>\n\t\t\t\t<\/div>\n\t\t<div class=\"elementor-element elementor-element-5409b88 e-con-full e-flex e-con e-child\" data-id=\"5409b88\" data-element_type=\"container\" data-e-type=\"container\">\n\t\t\t\t<div class=\"elementor-element elementor-element-8fdd8ac elementor-widget elementor-widget-heading\" data-id=\"8fdd8ac\" data-element_type=\"widget\" data-e-type=\"widget\" data-widget_type=\"heading.default\">\n\t\t\t\t<div class=\"elementor-widget-container\">\n\t\t\t\t\t<h2 class=\"elementor-heading-title elementor-size-default\">Zorunlu Deprem Sigortas\u0131<\/h2>\t\t\t\t<\/div>\n\t\t\t\t<\/div>\n\t\t\t\t<div class=\"elementor-element elementor-element-dd2b242 elementor-widget elementor-widget-text-editor\" data-id=\"dd2b242\" data-element_type=\"widget\" data-e-type=\"widget\" data-widget_type=\"text-editor.default\">\n\t\t\t\t<div class=\"elementor-widget-container\">\n\t\t\t\t\t\t\t\t\t<p>DASK (Do\u011fal Afet Sigortalar\u0131 Kurumu) k\u00e2r amac\u0131 g\u00fctmeyen ve i\u015flerini sigorta tekniklerine uygun olarak ger\u00e7ekle\u015ftirip y\u00f6neten bir kurumdur. Bu kurum 7 ki\u015filik bir heyet taraf\u0131ndan y\u00f6netilir. DASK\u2019 \u0131n denetimi ise Hazine M\u00fcste\u015farl\u0131\u011f\u0131 taraf\u0131ndan yap\u0131l\u0131r.<\/p><p>Reyyan Sigorta olarak DASK poli\u00e7elerinin olu\u015fturulmas\u0131 noktas\u0131nda sizlere; h\u0131zl\u0131, g\u00fcvenli ve hep ileti\u015fimde kalarak yard\u0131mc\u0131 oluyoruz.<\/p>\t\t\t\t\t\t\t\t<\/div>\n\t\t\t\t<\/div>\n\t\t\t\t<div class=\"elementor-element elementor-element-3f432f4 elementor-widget elementor-widget-heading\" data-id=\"3f432f4\" data-element_type=\"widget\" data-e-type=\"widget\" data-widget_type=\"heading.default\">\n\t\t\t\t<div class=\"elementor-widget-container\">\n\t\t\t\t\t<h4 class=\"elementor-heading-title elementor-size-default\">Dask Teklifi i\u00e7in l\u00fctfen formu doldurunuz...<\/h4>\t\t\t\t<\/div>\n\t\t\t\t<\/div>\n\t\t<div class=\"elementor-element elementor-element-9370151 e-flex e-con-boxed e-con e-child\" data-id=\"9370151\" data-element_type=\"container\" data-e-type=\"container\">\n\t\t\t\t\t<div class=\"e-con-inner\">\n\t\t\t\t<div class=\"elementor-element elementor-element-a090227 elementor-widget elementor-widget-shortcode\" data-id=\"a090227\" data-element_type=\"widget\" data-e-type=\"widget\" data-widget_type=\"shortcode.default\">\n\t\t\t\t<div class=\"elementor-widget-container\">\n\t\t\t\t\t\t\t<div class=\"elementor-shortcode\">\n<div class=\"wpcf7 no-js\" id=\"wpcf7-f138-o1\" lang=\"tr-TR\" dir=\"ltr\" data-wpcf7-id=\"138\">\n<div class=\"screen-reader-response\"><p role=\"status\" aria-live=\"polite\" aria-atomic=\"true\"><\/p> <ul><\/ul><\/div>\n<form action=\"\/index.php?rest_route=%2Fwp%2Fv2%2Fpages%2F161#wpcf7-f138-o1\" method=\"post\" class=\"wpcf7-form init\" aria-label=\"\u0130leti\u015fim Formu\" novalidate=\"novalidate\" data-status=\"init\">\n<fieldset class=\"hidden-fields-container\"><input type=\"hidden\" name=\"_wpcf7\" value=\"138\" \/><input type=\"hidden\" name=\"_wpcf7_version\" value=\"6.1.5\" \/><input type=\"hidden\" name=\"_wpcf7_locale\" value=\"tr_TR\" \/><input type=\"hidden\" name=\"_wpcf7_unit_tag\" value=\"wpcf7-f138-o1\" \/><input type=\"hidden\" name=\"_wpcf7_container_post\" value=\"0\" \/><input type=\"hidden\" name=\"_wpcf7_posted_data_hash\" value=\"\" \/><input type=\"hidden\" name=\"_wpcf7_recaptcha_response\" value=\"\" \/>\n<\/fieldset>\n<p><span class=\"wpcf7-form-control-wrap\" data-name=\"your-name\"><input size=\"40\" maxlength=\"400\" class=\"wpcf7-form-control wpcf7-text wpcf7-validates-as-required\" autocomplete=\"name\" aria-required=\"true\" aria-invalid=\"false\" placeholder=\"Ad\u0131n\u0131z Soyad\u0131n\u0131z *\" value=\"\" type=\"text\" name=\"your-name\" \/><\/span>\n<\/p>\n<p><span class=\"wpcf7-form-control-wrap\" data-name=\"tel-808\"><input size=\"40\" maxlength=\"400\" class=\"wpcf7-form-control wpcf7-tel wpcf7-validates-as-required wpcf7-text wpcf7-validates-as-tel\" aria-required=\"true\" aria-invalid=\"false\" placeholder=\"Telefon Numaras\u0131 *\" value=\"\" type=\"tel\" name=\"tel-808\" \/><\/span>\n<\/p>\n<p><span class=\"wpcf7-form-control-wrap\" data-name=\"your-email\"><input size=\"40\" maxlength=\"400\" class=\"wpcf7-form-control wpcf7-email wpcf7-validates-as-required wpcf7-text wpcf7-validates-as-email\" autocomplete=\"email\" aria-required=\"true\" aria-invalid=\"false\" placeholder=\"E-Posta Adresiniz *\" value=\"\" type=\"email\" name=\"your-email\" \/><\/span>\n<\/p>\n<p><span class=\"wpcf7-form-control-wrap\" data-name=\"your-tckimlik\"><input size=\"40\" maxlength=\"400\" class=\"wpcf7-form-control wpcf7-text wpcf7-validates-as-required\" autocomplete=\"name\" aria-required=\"true\" aria-invalid=\"false\" placeholder=\"T.C. Kimlik No *\" value=\"\" type=\"text\" name=\"your-tckimlik\" \/><\/span>\n<\/p>\n<p><span class=\"wpcf7-form-control-wrap\" data-name=\"textarea-355\"><textarea cols=\"40\" rows=\"10\" maxlength=\"2000\" class=\"wpcf7-form-control wpcf7-textarea wpcf7-validates-as-required\" aria-required=\"true\" aria-invalid=\"false\" placeholder=\"Adres\" name=\"textarea-355\"><\/textarea><\/span>\n<\/p>\n<p><span class=\"wpcf7-form-control-wrap\" data-name=\"number-620\"><input class=\"wpcf7-form-control wpcf7-number wpcf7-validates-as-required wpcf7-validates-as-number\" aria-required=\"true\" aria-invalid=\"false\" placeholder=\"Bina Metre Karesi\" value=\"\" type=\"number\" name=\"number-620\" \/><\/span>\n<\/p>\n<p><span class=\"wpcf7-form-control-wrap\" data-name=\"number-621\"><input class=\"wpcf7-form-control wpcf7-number wpcf7-validates-as-required wpcf7-validates-as-number\" aria-required=\"true\" aria-invalid=\"false\" placeholder=\"Bina Ya\u015f\u0131\" value=\"\" type=\"number\" name=\"number-621\" \/><\/span>\n<\/p>\n<p><span class=\"wpcf7-form-control-wrap\" data-name=\"number-622\"><input class=\"wpcf7-form-control wpcf7-number wpcf7-validates-as-required wpcf7-validates-as-number\" aria-required=\"true\" aria-invalid=\"false\" placeholder=\"Bina Kat Say\u0131s\u0131\" value=\"\" type=\"number\" name=\"number-622\" \/><\/span>\n<\/p>\n<p><span class=\"wpcf7-form-control-wrap\" data-name=\"acceptance-107\"><span class=\"wpcf7-form-control wpcf7-acceptance\"><span class=\"wpcf7-list-item\"><label><input type=\"checkbox\" name=\"acceptance-107\" value=\"1\" aria-invalid=\"false\" \/><span class=\"wpcf7-list-item-label\">Bu formu doldururken <a href=\"https:\/\/reyyansigorta.com.tr\/?page_id=123\" target=\"_blank\" >KVKK<\/a><font color=\"Black\"> okudu\u011fumu ve <\/font><a href=\"https:\/\/reyyansigorta.com.tr\/?page_id=128\" target=\"_blank\" >\u00c7erez Politikas\u0131<\/a><font color=\"Black\">' n\u0131 kabul etti\u011fimi onayl\u0131yorum.<\/font><\/span><\/label><\/span><\/span><\/span>\n<\/p>\n<p>\n<span class=\"wpcf7-form-control-wrap recaptcha\" data-name=\"recaptcha\"><span data-sitekey=\"6LfAc80pAAAAAEeYdVZaJtTGdzg2bqM4sUzm9ZDH\" class=\"wpcf7-form-control wpcf7-recaptcha g-recaptcha\"><\/span>\r\n<noscript>\r\n\t<div class=\"grecaptcha-noscript\">\r\n\t\t<iframe src=\"https:\/\/www.google.com\/recaptcha\/api\/fallback?k=6LfAc80pAAAAAEeYdVZaJtTGdzg2bqM4sUzm9ZDH\" frameborder=\"0\" scrolling=\"no\" width=\"310\" height=\"430\">\r\n\t\t<\/iframe>\r\n\t\t<textarea name=\"g-recaptcha-response\" rows=\"3\" cols=\"40\" placeholder=\"reCaptcha Response Here\">\r\n\t\t<\/textarea>\r\n\t<\/div>\r\n<\/noscript>\r\n<\/span>\n<\/p>\n<p><input class=\"wpcf7-form-control wpcf7-submit has-spinner\" type=\"submit\" value=\"G\u00f6nder\" \/>\n<\/p><div class=\"wpcf7-response-output\" aria-hidden=\"true\"><\/div>\n<\/form>\n<\/div>\n<\/div>\n\t\t\t\t\t\t<\/div>\n\t\t\t\t<\/div>\n\t\t\t\t\t<\/div>\n\t\t\t\t<\/div>\n\t\t\t\t<\/div>\n\t\t\t\t\t<\/div>\n\t\t\t\t<\/div>\n\t\t\t\t<\/div>\n\t\t","protected":false},"excerpt":{"rendered":"<p>Dask (Deprem) Sigortas\u0131 Zorunlu Deprem Sigortas\u0131 DASK (Do\u011fal Afet Sigortalar\u0131 Kurumu) k\u00e2r amac\u0131 g\u00fctmeyen ve i\u015flerini sigorta tekniklerine uygun olarak ger\u00e7ekle\u015ftirip y\u00f6neten bir kurumdur. Bu kurum 7 ki\u015filik bir heyet taraf\u0131ndan y\u00f6netilir. DASK\u2019 \u0131n denetimi ise Hazine M\u00fcste\u015farl\u0131\u011f\u0131 taraf\u0131ndan yap\u0131l\u0131r. Reyyan Sigorta olarak DASK poli\u00e7elerinin olu\u015fturulmas\u0131 noktas\u0131nda sizlere; h\u0131zl\u0131, g\u00fcvenli ve hep ileti\u015fimde kalarak yard\u0131mc\u0131&#8230;<\/p>\n","protected":false},"author":1,"featured_media":0,"parent":0,"menu_order":0,"comment_status":"closed","ping_status":"closed","template":"","meta":{"_kad_post_transparent":"","_kad_post_title":"hide","_kad_post_layout":"fullwidth","_kad_post_sidebar_id":"","_kad_post_content_style":"unboxed","_kad_post_vertical_padding":"hide","_kad_post_feature":"hide","_kad_post_feature_position":"","_kad_post_header":false,"_kad_post_footer":false,"_kad_post_classname":"","_joinchat":[],"footnotes":""},"class_list":["post-161","page","type-page","status-publish","hentry"],"_links":{"self":[{"href":"https:\/\/reyyansigorta.com.tr\/index.php?rest_route=\/wp\/v2\/pages\/161","targetHints":{"allow":["GET"]}}],"collection":[{"href":"https:\/\/reyyansigorta.com.tr\/index.php?rest_route=\/wp\/v2\/pages"}],"about":[{"href":"https:\/\/reyyansigorta.com.tr\/index.php?rest_route=\/wp\/v2\/types\/page"}],"author":[{"embeddable":true,"href":"https:\/\/reyyansigorta.com.tr\/index.php?rest_route=\/wp\/v2\/users\/1"}],"replies":[{"embeddable":true,"href":"https:\/\/reyyansigorta.com.tr\/index.php?rest_route=%2Fwp%2Fv2%2Fcomments&post=161"}],"version-history":[{"count":13,"href":"https:\/\/reyyansigorta.com.tr\/index.php?rest_route=\/wp\/v2\/pages\/161\/revisions"}],"predecessor-version":[{"id":366,"href":"https:\/\/reyyansigorta.com.tr\/index.php?rest_route=\/wp\/v2\/pages\/161\/revisions\/366"}],"wp:attachment":[{"href":"https:\/\/reyyansigorta.com.tr\/index.php?rest_route=%2Fwp%2Fv2%2Fmedia&parent=161"}],"curies":[{"name":"wp","href":"https:\/\/api.w.org\/{rel}","templated":true}]}}